{"id":263,"date":"2025-10-08T12:08:50","date_gmt":"2025-10-08T12:08:50","guid":{"rendered":"https:\/\/uffizio.com\/?page_id=263"},"modified":"2026-05-13T11:49:40","modified_gmt":"2026-05-13T11:49:40","slug":"terms-conditions","status":"publish","type":"page","link":"https:\/\/uffizio.com\/tr\/terms-conditions\/","title":{"rendered":"\u015eartlar ve Ko\u015fullar"},"content":{"rendered":"<div data-elementor-type=\"wp-page\" data-elementor-id=\"263\" class=\"elementor elementor-263\">\n\t\t\t\t<div class=\"elementor-element elementor-element-6320477 ucp-header uffizio-gradient-pattern-three e-flex e-con-boxed e-con e-parent\" data-id=\"6320477\" data-element_type=\"container\" data-e-type=\"container\">\n\t\t\t\t\t<div class=\"e-con-inner\">\n\t\t\t\t<div class=\"elementor-element elementor-element-3ca78c4 elementor-widget elementor-widget-uffizio_title\" data-id=\"3ca78c4\" data-element_type=\"widget\" data-e-type=\"widget\" data-widget_type=\"uffizio_title.default\">\n\t\t\t\t<div class=\"elementor-widget-container\">\n\t\t\t\t\t\n        <div class=\"uffizio-title-widget default\">\n            \n            <div class=\"uffizio-title-content\">\n                   \n                                \n                \n                    <h2 class=\"uffizio-title\">\n                        \u015eartlar ve ko\u015fullar                    <\/h2>\n                    \n                \n                \n            <\/div>\n\n        <\/div>\n        \t\t\t\t<\/div>\n\t\t\t\t<\/div>\n\t\t\t\t\t<\/div>\n\t\t\t\t<\/div>\n\t\t<div class=\"elementor-element elementor-element-56a63fb e-flex e-con-boxed e-con e-parent\" data-id=\"56a63fb\" data-element_type=\"container\" data-e-type=\"container\">\n\t\t\t\t\t<div class=\"e-con-inner\">\n\t\t\t\t<div class=\"elementor-element elementor-element-3dcb210 elementor-widget elementor-widget-text-editor\" data-id=\"3dcb210\" data-element_type=\"widget\" data-e-type=\"widget\" data-widget_type=\"text-editor.default\">\n\t\t\t\t\t\t\t\t\t<p>Bu, M\u00fc\u015fteri ile Uffizio India Software Consultants Pvt. Ltd. aras\u0131nda Bar\u0131nd\u0131r\u0131lan Yaz\u0131l\u0131m\u0131n kullan\u0131m\u0131 i\u00e7in yap\u0131lan yasal bir s\u00f6zle\u015fmedir. Bar\u0131nd\u0131r\u0131lan Yaz\u0131l\u0131m\u0131n herhangi bir s\u00fcr\u00fcm\u00fcn\u00fc kullanarak, bu s\u00f6zle\u015fmenin \u015fart ve ko\u015fullar\u0131na ba\u011fl\u0131 kalmay\u0131 kabul edersiniz.<\/p><p>M\u00fc\u015fteri bu s\u00f6zle\u015fmeyi kabul etmezse, bar\u0131nd\u0131r\u0131lan yaz\u0131l\u0131m\u0131 kullanamaz.<\/p><h4>Tan\u0131mlar<\/h4><p>Bar\u0131nd\u0131r\u0131lan Yaz\u0131l\u0131m \u2013 Uffizio Veri Merkezinde bulunan belirli yaz\u0131l\u0131m anlam\u0131na gelir.<\/p><p>G\u00fcncelleme \u2013 Bar\u0131nd\u0131r\u0131lan Yaz\u0131l\u0131m\u0131n i\u015flevselli\u011fini geli\u015ftiren ve yeni \u00f6zellikler veya iyile\u015ftirmeler i\u00e7erebilen bir revizyon veya yama anlam\u0131na gelir.<\/p><h4>Bar\u0131nd\u0131r\u0131lan Yaz\u0131l\u0131m Lisans\u0131<\/h4><p>Uffizio, M\u00fc\u015fteriye Bar\u0131nd\u0131r\u0131lan Yaz\u0131l\u0131ma s\u0131n\u0131rl\u0131 s\u00fcreli eri\u015fim hakk\u0131 tan\u0131r. Bu eri\u015fim devredilemez, ba\u015fkas\u0131na aktar\u0131lamaz ve alt lisans verme hakk\u0131 i\u00e7ermez.<\/p><h4>Belgeleme Lisans\u0131<\/h4><p>Bu s\u00f6zle\u015fmenin \u015fart ve ko\u015fullar\u0131na tabi olarak, Uffizio, M\u00fc\u015fteriye, Bar\u0131nd\u0131r\u0131lan Yaz\u0131l\u0131m\u0131n yetkili kullan\u0131m\u0131yla ba\u011flant\u0131l\u0131 olarak Dok\u00fcmantasyonu kullanma hakk\u0131 veren, devredilemez ve ba\u015fkas\u0131na aktar\u0131lamaz bir lisans vermektedir. M\u00fc\u015fteri, Uffizio'nun a\u00e7\u0131k yaz\u0131l\u0131 izni olmadan Dok\u00fcmantasyonu fiziksel veya elektronik olarak hi\u00e7bir \u015fekilde \u00e7o\u011faltamaz veya da\u011f\u0131tamaz.<\/p><h4>Dil dosyas\u0131 Lisans\u0131<\/h4><p>Bar\u0131nd\u0131r\u0131lan yaz\u0131l\u0131m, mevcut t\u00fcm dil dosyalar\u0131yla birlikte sa\u011flanmaktad\u0131r.<\/p><h4>M\u00fclkiyet<\/h4><p>Bar\u0131nd\u0131r\u0131lan yaz\u0131l\u0131m ve kaynak kodlar\u0131 Uffizio'ya aittir. Kaynak kod dosyalar\u0131 sa\u011flanmamaktad\u0131r.<\/p><h4>\u00c7al\u0131\u015fma s\u00fcresi<\/h4><p>Uffizio, sunucu \u00e7al\u0131\u015fma s\u00fcresinin ,99 olmas\u0131n\u0131 garanti eder. Bu garanti, planl\u0131 bak\u0131m, acil bak\u0131m, DDoS sald\u0131r\u0131lar\u0131, m\u00fccbir sebepler ve sunucunuzdaki donan\u0131m ar\u0131zalar\u0131n\u0131 kapsamaz.<\/p><h4>Teknik Destek<\/h4><p>Uffizio, M\u00fc\u015fteriye periyodik olarak hata d\u00fczeltmeleri ve k\u00fc\u00e7\u00fck iyile\u015ftirmeler i\u00e7eren G\u00fcncellemeler da\u011f\u0131t\u0131m\u0131 da dahil olmak \u00fczere teknik destek hizmetleri sa\u011flamay\u0131 kabul eder. Teknik destek e-posta sorular\u0131 her zaman kabul edilir ve Uffizio'nun normal \u00e7al\u0131\u015fma saatleri i\u00e7inde yan\u0131tlan\u0131r. Uffizio, Pazartesi-Cuma g\u00fcnleri aras\u0131ndaki taleplere 12 saat i\u00e7inde, hafta sonu al\u0131nan taleplere ise 24 saat i\u00e7inde veya takip eden Pazartesi g\u00fcn\u00fc yan\u0131t vermeye \u00e7al\u0131\u015facakt\u0131r.<\/p><h4>G\u00fcncellemeler<\/h4><p>Bar\u0131nd\u0131r\u0131lan yaz\u0131l\u0131mlar\u0131n t\u00fcm g\u00fcncellemeleri, yay\u0131nland\u0131ktan sonra ek bir \u00fccret \u00f6demeden otomatik olarak y\u00fcklenecektir.<\/p><h4>\u00d6deme ve Teslimat<\/h4><p>\u00d6deme Pazartesi-Cuma g\u00fcnleri aras\u0131nda al\u0131n\u0131rsa, bar\u0131nd\u0131r\u0131lan yaz\u0131l\u0131m 24 saat i\u00e7inde haz\u0131rlan\u0131p etkinle\u015ftirilecektir. \u00d6deme hafta sonu al\u0131n\u0131rsa, yaz\u0131l\u0131m bir sonraki Pazartesi g\u00fcn\u00fc haz\u0131rlan\u0131p etkinle\u015ftirilecektir. T\u00fcm eri\u015fim bilgileri e-posta yoluyla g\u00f6nderilecektir. Geri \u00f6deme m\u00fcmk\u00fcn de\u011fildir.<\/p><h4>De\u011fi\u015fiklikler<\/h4><p>Uffizio, de\u011fi\u015ftirilmi\u015f s\u00f6zle\u015fmeyi web sitesinde yay\u0131nlayarak bu s\u00f6zle\u015fmeyi herhangi bir zamanda ve herhangi bir nedenle de\u011fi\u015ftirebilir.<\/p>\t\t\t\t\t\t\t\t<\/div>\n\t\t\t\t\t<\/div>\n\t\t\t\t<\/div>\n\t\t\t\t<\/div>","protected":false},"excerpt":{"rendered":"<p>Terms and conditions This is a legal agreement between Customer and Uffizio India Software Consultants Pvt. Ltd. for the use of Hosted Software. By using any version of Hosted Software you agree to be bound by the terms and conditions of this agreement. If Customer does not agree to this agreement, Customer may not use [&hellip;]<\/p>\n","protected":false},"author":1,"featured_media":0,"parent":0,"menu_order":0,"comment_status":"closed","ping_status":"closed","template":"","meta":{"_acf_changed":false,"footnotes":""},"class_list":["post-263","page","type-page","status-publish","hentry"],"acf":[],"yoast_head":"<!-- This site is optimized with the Yoast SEO Premium plugin v27.6 (Yoast SEO v27.6) - https:\/\/yoast.com\/product\/yoast-seo-premium-wordpress\/ -->\n<title>Terms &amp; Conditions - Uffizio<\/title>\n<meta name=\"robots\" content=\"index, follow, max-snippet:-1, max-image-preview:large, max-video-preview:-1\" \/>\n<link rel=\"canonical\" href=\"https:\/\/uffizio.com\/tr\/terms-conditions\/\" \/>\n<meta property=\"og:locale\" content=\"tr_TR\" \/>\n<meta property=\"og:type\" content=\"article\" \/>\n<meta property=\"og:title\" content=\"Terms &amp; Conditions\" \/>\n<meta property=\"og:description\" content=\"Terms and conditions This is a legal agreement between Customer and Uffizio India Software Consultants Pvt. Ltd. for the use of Hosted Software. By using any version of Hosted Software you agree to be bound by the terms and conditions of this agreement. If Customer does not agree to this agreement, Customer may not use [&hellip;]\" \/>\n<meta property=\"og:url\" content=\"https:\/\/uffizio.com\/tr\/terms-conditions\/\" \/>\n<meta property=\"og:site_name\" content=\"Uffizio\" \/>\n<meta property=\"article:modified_time\" content=\"2026-05-13T11:49:40+00:00\" \/>\n<meta name=\"twitter:card\" content=\"summary_large_image\" \/>\n<meta name=\"twitter:label1\" content=\"Tahmini okuma s\u00fcresi\" \/>\n\t<meta name=\"twitter:data1\" content=\"2 dakika\" \/>\n<script type=\"application\/ld+json\" class=\"yoast-schema-graph\">{\"@context\":\"https:\\\/\\\/schema.org\",\"@graph\":[{\"@type\":\"WebPage\",\"@id\":\"https:\\\/\\\/uffizio.com\\\/terms-conditions\\\/\",\"url\":\"https:\\\/\\\/uffizio.com\\\/terms-conditions\\\/\",\"name\":\"Terms &amp; Conditions - Uffizio\",\"isPartOf\":{\"@id\":\"https:\\\/\\\/uffizio.com\\\/#website\"},\"datePublished\":\"2025-10-08T12:08:50+00:00\",\"dateModified\":\"2026-05-13T11:49:40+00:00\",\"breadcrumb\":{\"@id\":\"https:\\\/\\\/uffizio.com\\\/terms-conditions\\\/#breadcrumb\"},\"inLanguage\":\"tr\",\"potentialAction\":[{\"@type\":\"ReadAction\",\"target\":[\"https:\\\/\\\/uffizio.com\\\/terms-conditions\\\/\"]}]},{\"@type\":\"BreadcrumbList\",\"@id\":\"https:\\\/\\\/uffizio.com\\\/terms-conditions\\\/#breadcrumb\",\"itemListElement\":[{\"@type\":\"ListItem\",\"position\":1,\"name\":\"Home\",\"item\":\"https:\\\/\\\/uffizio.com\\\/\"},{\"@type\":\"ListItem\",\"position\":2,\"name\":\"Terms &amp; Conditions\"}]},{\"@type\":\"WebSite\",\"@id\":\"https:\\\/\\\/uffizio.com\\\/#website\",\"url\":\"https:\\\/\\\/uffizio.com\\\/\",\"name\":\"Uffizio\",\"description\":\"\",\"publisher\":{\"@id\":\"https:\\\/\\\/uffizio.com\\\/#organization\"},\"potentialAction\":[{\"@type\":\"SearchAction\",\"target\":{\"@type\":\"EntryPoint\",\"urlTemplate\":\"https:\\\/\\\/uffizio.com\\\/?s={search_term_string}\"},\"query-input\":{\"@type\":\"PropertyValueSpecification\",\"valueRequired\":true,\"valueName\":\"search_term_string\"}}],\"inLanguage\":\"tr\"},{\"@type\":\"Organization\",\"@id\":\"https:\\\/\\\/uffizio.com\\\/#organization\",\"name\":\"Uffizio\",\"url\":\"https:\\\/\\\/uffizio.com\\\/\",\"logo\":{\"@type\":\"ImageObject\",\"inLanguage\":\"tr\",\"@id\":\"https:\\\/\\\/uffizio.com\\\/#\\\/schema\\\/logo\\\/image\\\/\",\"url\":\"https:\\\/\\\/uffizio.com\\\/wp-content\\\/uploads\\\/2025\\\/10\\\/Uffizio-logo.svg\",\"contentUrl\":\"https:\\\/\\\/uffizio.com\\\/wp-content\\\/uploads\\\/2025\\\/10\\\/Uffizio-logo.svg\",\"width\":237,\"height\":35,\"caption\":\"Uffizio\"},\"image\":{\"@id\":\"https:\\\/\\\/uffizio.com\\\/#\\\/schema\\\/logo\\\/image\\\/\"}}]}<\/script>\n<!-- \/ Yoast SEO Premium plugin. -->","yoast_head_json":{"title":"Terms &amp; Conditions - Uffizio","robots":{"index":"index","follow":"follow","max-snippet":"max-snippet:-1","max-image-preview":"max-image-preview:large","max-video-preview":"max-video-preview:-1"},"canonical":"https:\/\/uffizio.com\/tr\/terms-conditions\/","og_locale":"tr_TR","og_type":"article","og_title":"Terms &amp; Conditions","og_description":"Terms and conditions This is a legal agreement between Customer and Uffizio India Software Consultants Pvt. Ltd. for the use of Hosted Software. By using any version of Hosted Software you agree to be bound by the terms and conditions of this agreement. If Customer does not agree to this agreement, Customer may not use [&hellip;]","og_url":"https:\/\/uffizio.com\/tr\/terms-conditions\/","og_site_name":"Uffizio","article_modified_time":"2026-05-13T11:49:40+00:00","twitter_card":"summary_large_image","twitter_misc":{"Tahmini okuma s\u00fcresi":"2 dakika"},"schema":{"@context":"https:\/\/schema.org","@graph":[{"@type":"WebPage","@id":"https:\/\/uffizio.com\/terms-conditions\/","url":"https:\/\/uffizio.com\/terms-conditions\/","name":"Terms &amp; Conditions - Uffizio","isPartOf":{"@id":"https:\/\/uffizio.com\/#website"},"datePublished":"2025-10-08T12:08:50+00:00","dateModified":"2026-05-13T11:49:40+00:00","breadcrumb":{"@id":"https:\/\/uffizio.com\/terms-conditions\/#breadcrumb"},"inLanguage":"tr","potentialAction":[{"@type":"ReadAction","target":["https:\/\/uffizio.com\/terms-conditions\/"]}]},{"@type":"BreadcrumbList","@id":"https:\/\/uffizio.com\/terms-conditions\/#breadcrumb","itemListElement":[{"@type":"ListItem","position":1,"name":"Home","item":"https:\/\/uffizio.com\/"},{"@type":"ListItem","position":2,"name":"Terms &amp; Conditions"}]},{"@type":"WebSite","@id":"https:\/\/uffizio.com\/#website","url":"https:\/\/uffizio.com\/","name":"Ofis","description":"","publisher":{"@id":"https:\/\/uffizio.com\/#organization"},"potentialAction":[{"@type":"SearchAction","target":{"@type":"EntryPoint","urlTemplate":"https:\/\/uffizio.com\/?s={search_term_string}"},"query-input":{"@type":"PropertyValueSpecification","valueRequired":true,"valueName":"search_term_string"}}],"inLanguage":"tr"},{"@type":"Organization","@id":"https:\/\/uffizio.com\/#organization","name":"Ofis","url":"https:\/\/uffizio.com\/","logo":{"@type":"ImageObject","inLanguage":"tr","@id":"https:\/\/uffizio.com\/#\/schema\/logo\/image\/","url":"https:\/\/uffizio.com\/wp-content\/uploads\/2025\/10\/Uffizio-logo.svg","contentUrl":"https:\/\/uffizio.com\/wp-content\/uploads\/2025\/10\/Uffizio-logo.svg","width":237,"height":35,"caption":"Uffizio"},"image":{"@id":"https:\/\/uffizio.com\/#\/schema\/logo\/image\/"}}]}},"_links":{"self":[{"href":"https:\/\/uffizio.com\/tr\/wp-json\/wp\/v2\/pages\/263","targetHints":{"allow":["GET"]}}],"collection":[{"href":"https:\/\/uffizio.com\/tr\/wp-json\/wp\/v2\/pages"}],"about":[{"href":"https:\/\/uffizio.com\/tr\/wp-json\/wp\/v2\/types\/page"}],"author":[{"embeddable":true,"href":"https:\/\/uffizio.com\/tr\/wp-json\/wp\/v2\/users\/1"}],"replies":[{"embeddable":true,"href":"https:\/\/uffizio.com\/tr\/wp-json\/wp\/v2\/comments?post=263"}],"version-history":[{"count":1,"href":"https:\/\/uffizio.com\/tr\/wp-json\/wp\/v2\/pages\/263\/revisions"}],"predecessor-version":[{"id":64337,"href":"https:\/\/uffizio.com\/tr\/wp-json\/wp\/v2\/pages\/263\/revisions\/64337"}],"wp:attachment":[{"href":"https:\/\/uffizio.com\/tr\/wp-json\/wp\/v2\/media?parent=263"}],"curies":[{"name":"wp","href":"https:\/\/api.w.org\/{rel}","templated":true}]}}