{"id":263,"date":"2025-10-08T12:08:50","date_gmt":"2025-10-08T12:08:50","guid":{"rendered":"https:\/\/uffizio.com\/?page_id=263"},"modified":"2026-05-13T11:49:40","modified_gmt":"2026-05-13T11:49:40","slug":"terms-conditions","status":"publish","type":"page","link":"https:\/\/uffizio.com\/pt\/terms-conditions\/","title":{"rendered":"Termos e Condi\u00e7\u00f5es"},"content":{"rendered":"<div data-elementor-type=\"wp-page\" data-elementor-id=\"263\" class=\"elementor elementor-263\">\n\t\t\t\t<div class=\"elementor-element elementor-element-6320477 ucp-header uffizio-gradient-pattern-three e-flex e-con-boxed e-con e-parent\" data-id=\"6320477\" data-element_type=\"container\" data-e-type=\"container\">\n\t\t\t\t\t<div class=\"e-con-inner\">\n\t\t\t\t<div class=\"elementor-element elementor-element-3ca78c4 elementor-widget elementor-widget-uffizio_title\" data-id=\"3ca78c4\" data-element_type=\"widget\" data-e-type=\"widget\" data-widget_type=\"uffizio_title.default\">\n\t\t\t\t<div class=\"elementor-widget-container\">\n\t\t\t\t\t\n        <div class=\"uffizio-title-widget default\">\n            \n            <div class=\"uffizio-title-content\">\n                   \n                                \n                \n                    <h2 class=\"uffizio-title\">\n                        Termos e Condi\u00e7\u00f5es                    <\/h2>\n                    \n                \n                \n            <\/div>\n\n        <\/div>\n        \t\t\t\t<\/div>\n\t\t\t\t<\/div>\n\t\t\t\t\t<\/div>\n\t\t\t\t<\/div>\n\t\t<div class=\"elementor-element elementor-element-56a63fb e-flex e-con-boxed e-con e-parent\" data-id=\"56a63fb\" data-element_type=\"container\" data-e-type=\"container\">\n\t\t\t\t\t<div class=\"e-con-inner\">\n\t\t\t\t<div class=\"elementor-element elementor-element-3dcb210 elementor-widget elementor-widget-text-editor\" data-id=\"3dcb210\" data-element_type=\"widget\" data-e-type=\"widget\" data-widget_type=\"text-editor.default\">\n\t\t\t\t\t\t\t\t\t<p>Este \u00e9 um contrato legal entre o Cliente e a Uffizio India Software Consultants Pvt. Ltd. para o uso do Software Hospedado. Ao utilizar qualquer vers\u00e3o do Software Hospedado, voc\u00ea concorda em ficar vinculado aos termos e condi\u00e7\u00f5es deste contrato.<\/p><p>Caso o Cliente n\u00e3o concorde com este contrato, n\u00e3o poder\u00e1 utilizar o Software Hospedado.<\/p><h4>Defini\u00e7\u00f5es<\/h4><p>Software hospedado \u2013 significa o software espec\u00edfico localizado no Centro de Dados Uffizio.<\/p><p>Atualiza\u00e7\u00e3o \u2013 significa uma revis\u00e3o ou corre\u00e7\u00e3o que melhora a funcionalidade do Software Hospedado e pode conter novos recursos ou melhorias.<\/p><h4>Licen\u00e7a de Software Hospedado<\/h4><p>A Uffizio concede ao Cliente um acesso por tempo limitado ao Software Hospedado. O acesso n\u00e3o \u00e9 atribu\u00edvel, n\u00e3o \u00e9 transfer\u00edvel e n\u00e3o permite sublicenciamento.<\/p><h4>Licen\u00e7a de Documenta\u00e7\u00e3o<\/h4><p>Sujeito aos termos e condi\u00e7\u00f5es deste contrato, a Uffizio concede ao Cliente uma licen\u00e7a n\u00e3o atribu\u00edvel e n\u00e3o transfer\u00edvel, sem o direito de sublicenciar, para usar a Documenta\u00e7\u00e3o em conex\u00e3o com o uso autorizado do Software Hospedado pelo Cliente. O Cliente n\u00e3o poder\u00e1 reproduzir ou distribuir a Documenta\u00e7\u00e3o de nenhuma forma, seja f\u00edsica ou eletronicamente, sem a permiss\u00e3o expressa e por escrito da Uffizio.<\/p><h4>Licen\u00e7a do arquivo de idioma<\/h4><p>O software hospedado \u00e9 fornecido com todos os arquivos de idioma dispon\u00edveis.<\/p><h4>Propriedade<\/h4><p>O software hospedado e os c\u00f3digos-fonte pertencem \u00e0 Uffizio. Os arquivos de c\u00f3digo-fonte n\u00e3o s\u00e3o fornecidos.<\/p><h4>Tempo de atividade<\/h4><p>A Uffizio garante 99,99% de tempo de atividade do servidor. Isso exclui manuten\u00e7\u00f5es programadas, manuten\u00e7\u00f5es emergenciais, ataques DDoS, casos de for\u00e7a maior e falhas de hardware no seu servidor.<\/p><h4>Suporte t\u00e9cnico<\/h4><p>A Uffizio concorda em fornecer ao Cliente servi\u00e7os de suporte t\u00e9cnico, incluindo a distribui\u00e7\u00e3o peri\u00f3dica de corre\u00e7\u00f5es de erros e pequenas melhorias como atualiza\u00e7\u00f5es. Consultas de suporte t\u00e9cnico por e-mail s\u00e3o aceitas a qualquer momento e ser\u00e3o respondidas durante o hor\u00e1rio comercial normal da Uffizio. A Uffizio se esfor\u00e7ar\u00e1 para responder \u00e0s consultas em at\u00e9 12 horas para solicita\u00e7\u00f5es de segunda a sexta-feira e, para solicita\u00e7\u00f5es recebidas durante o fim de semana, responderemos em at\u00e9 24 horas ou na segunda-feira seguinte.<\/p><h4>Atualiza\u00e7\u00f5es<\/h4><p>Todas as atualiza\u00e7\u00f5es de software hospedado ser\u00e3o instaladas automaticamente ap\u00f3s o lan\u00e7amento, sem custo adicional.<\/p><h4>Pagamento e entrega<\/h4><p>O software hospedado ser\u00e1 preparado e ativado em at\u00e9 24 horas se o pagamento for recebido de segunda a sexta-feira. Se o pagamento for recebido durante o fim de semana, ser\u00e1 preparado e ativado na segunda-feira seguinte. Todos os detalhes de acesso ser\u00e3o enviados por e-mail. N\u00e3o s\u00e3o poss\u00edveis reembolsos.<\/p><h4>Mudan\u00e7as<\/h4><p>A Uffizio poder\u00e1 alterar este acordo a qualquer momento e por qualquer motivo, publicando o acordo modificado no site.<\/p>\t\t\t\t\t\t\t\t<\/div>\n\t\t\t\t\t<\/div>\n\t\t\t\t<\/div>\n\t\t\t\t<\/div>","protected":false},"excerpt":{"rendered":"<p>Terms and conditions This is a legal agreement between Customer and Uffizio India Software Consultants Pvt. Ltd. for the use of Hosted Software. By using any version of Hosted Software you agree to be bound by the terms and conditions of this agreement. If Customer does not agree to this agreement, Customer may not use [&hellip;]<\/p>\n","protected":false},"author":1,"featured_media":0,"parent":0,"menu_order":0,"comment_status":"closed","ping_status":"closed","template":"","meta":{"_acf_changed":false,"footnotes":""},"class_list":["post-263","page","type-page","status-publish","hentry"],"acf":[],"yoast_head":"<!-- This site is optimized with the Yoast SEO Premium plugin v27.6 (Yoast SEO v27.6) - https:\/\/yoast.com\/product\/yoast-seo-premium-wordpress\/ -->\n<title>Terms &amp; Conditions - Uffizio<\/title>\n<meta name=\"robots\" content=\"index, follow, max-snippet:-1, max-image-preview:large, max-video-preview:-1\" \/>\n<link rel=\"canonical\" href=\"https:\/\/uffizio.com\/pt\/terms-conditions\/\" \/>\n<meta property=\"og:locale\" content=\"pt_PT\" \/>\n<meta property=\"og:type\" content=\"article\" \/>\n<meta property=\"og:title\" content=\"Terms &amp; Conditions\" \/>\n<meta property=\"og:description\" content=\"Terms and conditions This is a legal agreement between Customer and Uffizio India Software Consultants Pvt. Ltd. for the use of Hosted Software. By using any version of Hosted Software you agree to be bound by the terms and conditions of this agreement. If Customer does not agree to this agreement, Customer may not use [&hellip;]\" \/>\n<meta property=\"og:url\" content=\"https:\/\/uffizio.com\/pt\/terms-conditions\/\" \/>\n<meta property=\"og:site_name\" content=\"Uffizio\" \/>\n<meta property=\"article:modified_time\" content=\"2026-05-13T11:49:40+00:00\" \/>\n<meta name=\"twitter:card\" content=\"summary_large_image\" \/>\n<meta name=\"twitter:label1\" content=\"Tempo estimado de leitura\" \/>\n\t<meta name=\"twitter:data1\" content=\"2 minutos\" \/>\n<script type=\"application\/ld+json\" class=\"yoast-schema-graph\">{\"@context\":\"https:\\\/\\\/schema.org\",\"@graph\":[{\"@type\":\"WebPage\",\"@id\":\"https:\\\/\\\/uffizio.com\\\/terms-conditions\\\/\",\"url\":\"https:\\\/\\\/uffizio.com\\\/terms-conditions\\\/\",\"name\":\"Terms &amp; Conditions - Uffizio\",\"isPartOf\":{\"@id\":\"https:\\\/\\\/uffizio.com\\\/#website\"},\"datePublished\":\"2025-10-08T12:08:50+00:00\",\"dateModified\":\"2026-05-13T11:49:40+00:00\",\"breadcrumb\":{\"@id\":\"https:\\\/\\\/uffizio.com\\\/terms-conditions\\\/#breadcrumb\"},\"inLanguage\":\"pt-PT\",\"potentialAction\":[{\"@type\":\"ReadAction\",\"target\":[\"https:\\\/\\\/uffizio.com\\\/terms-conditions\\\/\"]}]},{\"@type\":\"BreadcrumbList\",\"@id\":\"https:\\\/\\\/uffizio.com\\\/terms-conditions\\\/#breadcrumb\",\"itemListElement\":[{\"@type\":\"ListItem\",\"position\":1,\"name\":\"Home\",\"item\":\"https:\\\/\\\/uffizio.com\\\/\"},{\"@type\":\"ListItem\",\"position\":2,\"name\":\"Terms &amp; Conditions\"}]},{\"@type\":\"WebSite\",\"@id\":\"https:\\\/\\\/uffizio.com\\\/#website\",\"url\":\"https:\\\/\\\/uffizio.com\\\/\",\"name\":\"Uffizio\",\"description\":\"\",\"publisher\":{\"@id\":\"https:\\\/\\\/uffizio.com\\\/#organization\"},\"potentialAction\":[{\"@type\":\"SearchAction\",\"target\":{\"@type\":\"EntryPoint\",\"urlTemplate\":\"https:\\\/\\\/uffizio.com\\\/?s={search_term_string}\"},\"query-input\":{\"@type\":\"PropertyValueSpecification\",\"valueRequired\":true,\"valueName\":\"search_term_string\"}}],\"inLanguage\":\"pt-PT\"},{\"@type\":\"Organization\",\"@id\":\"https:\\\/\\\/uffizio.com\\\/#organization\",\"name\":\"Uffizio\",\"url\":\"https:\\\/\\\/uffizio.com\\\/\",\"logo\":{\"@type\":\"ImageObject\",\"inLanguage\":\"pt-PT\",\"@id\":\"https:\\\/\\\/uffizio.com\\\/#\\\/schema\\\/logo\\\/image\\\/\",\"url\":\"https:\\\/\\\/uffizio.com\\\/wp-content\\\/uploads\\\/2025\\\/10\\\/Uffizio-logo.svg\",\"contentUrl\":\"https:\\\/\\\/uffizio.com\\\/wp-content\\\/uploads\\\/2025\\\/10\\\/Uffizio-logo.svg\",\"width\":237,\"height\":35,\"caption\":\"Uffizio\"},\"image\":{\"@id\":\"https:\\\/\\\/uffizio.com\\\/#\\\/schema\\\/logo\\\/image\\\/\"}}]}<\/script>\n<!-- \/ Yoast SEO Premium plugin. -->","yoast_head_json":{"title":"Terms &amp; Conditions - Uffizio","robots":{"index":"index","follow":"follow","max-snippet":"max-snippet:-1","max-image-preview":"max-image-preview:large","max-video-preview":"max-video-preview:-1"},"canonical":"https:\/\/uffizio.com\/pt\/terms-conditions\/","og_locale":"pt_PT","og_type":"article","og_title":"Terms &amp; Conditions","og_description":"Terms and conditions This is a legal agreement between Customer and Uffizio India Software Consultants Pvt. Ltd. for the use of Hosted Software. By using any version of Hosted Software you agree to be bound by the terms and conditions of this agreement. If Customer does not agree to this agreement, Customer may not use [&hellip;]","og_url":"https:\/\/uffizio.com\/pt\/terms-conditions\/","og_site_name":"Uffizio","article_modified_time":"2026-05-13T11:49:40+00:00","twitter_card":"summary_large_image","twitter_misc":{"Tempo estimado de leitura":"2 minutos"},"schema":{"@context":"https:\/\/schema.org","@graph":[{"@type":"WebPage","@id":"https:\/\/uffizio.com\/terms-conditions\/","url":"https:\/\/uffizio.com\/terms-conditions\/","name":"Terms &amp; Conditions - Uffizio","isPartOf":{"@id":"https:\/\/uffizio.com\/#website"},"datePublished":"2025-10-08T12:08:50+00:00","dateModified":"2026-05-13T11:49:40+00:00","breadcrumb":{"@id":"https:\/\/uffizio.com\/terms-conditions\/#breadcrumb"},"inLanguage":"pt-PT","potentialAction":[{"@type":"ReadAction","target":["https:\/\/uffizio.com\/terms-conditions\/"]}]},{"@type":"BreadcrumbList","@id":"https:\/\/uffizio.com\/terms-conditions\/#breadcrumb","itemListElement":[{"@type":"ListItem","position":1,"name":"Home","item":"https:\/\/uffizio.com\/"},{"@type":"ListItem","position":2,"name":"Terms &amp; Conditions"}]},{"@type":"WebSite","@id":"https:\/\/uffizio.com\/#website","url":"https:\/\/uffizio.com\/","name":"Escrit\u00f3rio","description":"","publisher":{"@id":"https:\/\/uffizio.com\/#organization"},"potentialAction":[{"@type":"SearchAction","target":{"@type":"EntryPoint","urlTemplate":"https:\/\/uffizio.com\/?s={search_term_string}"},"query-input":{"@type":"PropertyValueSpecification","valueRequired":true,"valueName":"search_term_string"}}],"inLanguage":"pt-PT"},{"@type":"Organization","@id":"https:\/\/uffizio.com\/#organization","name":"Escrit\u00f3rio","url":"https:\/\/uffizio.com\/","logo":{"@type":"ImageObject","inLanguage":"pt-PT","@id":"https:\/\/uffizio.com\/#\/schema\/logo\/image\/","url":"https:\/\/uffizio.com\/wp-content\/uploads\/2025\/10\/Uffizio-logo.svg","contentUrl":"https:\/\/uffizio.com\/wp-content\/uploads\/2025\/10\/Uffizio-logo.svg","width":237,"height":35,"caption":"Uffizio"},"image":{"@id":"https:\/\/uffizio.com\/#\/schema\/logo\/image\/"}}]}},"_links":{"self":[{"href":"https:\/\/uffizio.com\/pt\/wp-json\/wp\/v2\/pages\/263","targetHints":{"allow":["GET"]}}],"collection":[{"href":"https:\/\/uffizio.com\/pt\/wp-json\/wp\/v2\/pages"}],"about":[{"href":"https:\/\/uffizio.com\/pt\/wp-json\/wp\/v2\/types\/page"}],"author":[{"embeddable":true,"href":"https:\/\/uffizio.com\/pt\/wp-json\/wp\/v2\/users\/1"}],"replies":[{"embeddable":true,"href":"https:\/\/uffizio.com\/pt\/wp-json\/wp\/v2\/comments?post=263"}],"version-history":[{"count":1,"href":"https:\/\/uffizio.com\/pt\/wp-json\/wp\/v2\/pages\/263\/revisions"}],"predecessor-version":[{"id":64337,"href":"https:\/\/uffizio.com\/pt\/wp-json\/wp\/v2\/pages\/263\/revisions\/64337"}],"wp:attachment":[{"href":"https:\/\/uffizio.com\/pt\/wp-json\/wp\/v2\/media?parent=263"}],"curies":[{"name":"wp","href":"https:\/\/api.w.org\/{rel}","templated":true}]}}