{"id":301,"date":"2025-10-13T05:06:27","date_gmt":"2025-10-13T05:06:27","guid":{"rendered":"https:\/\/uffizio.com\/?page_id=301"},"modified":"2026-05-13T09:56:34","modified_gmt":"2026-05-13T09:56:34","slug":"career","status":"publish","type":"page","link":"https:\/\/uffizio.com\/fr\/career\/","title":{"rendered":"Carri\u00e8re"},"content":{"rendered":"<div data-elementor-type=\"wp-page\" data-elementor-id=\"301\" class=\"elementor elementor-301\">\n\t\t\t\t<div class=\"elementor-element elementor-element-1d482679 ucp-header uffizio-gradient-pattern-three e-flex e-con-boxed e-con e-parent\" data-id=\"1d482679\" data-element_type=\"container\" data-e-type=\"container\">\n\t\t\t\t\t<div class=\"e-con-inner\">\n\t\t\t\t<div class=\"elementor-element elementor-element-2ce00a23 elementor-widget elementor-widget-uffizio_title\" data-id=\"2ce00a23\" data-element_type=\"widget\" data-e-type=\"widget\" data-widget_type=\"uffizio_title.default\">\n\t\t\t\t<div class=\"elementor-widget-container\">\n\t\t\t\t\t\n        <div class=\"uffizio-title-widget default\">\n            \n            <div class=\"uffizio-title-content\">\n                   \n                                \n                \n                    <h2 class=\"uffizio-title\">\n                        carri\u00e8re                    <\/h2>\n                    \n                \n                                    <p class=\"uffizio-subtitle\">\n                        Uffizio offre d'innombrables opportunit\u00e9s \u00e0 ses collaborateurs de partager leurs id\u00e9es, leurs points de vue, leurs opinions et leurs m\u00e9thodes afin de s'\u00e9panouir professionnellement. Un employ\u00e9 heureux est votre meilleur ambassadeur. Le bien-\u00eatre des employ\u00e9s est aussi important que leur productivit\u00e9, car celle-ci est intimement li\u00e9e \u00e0 leur \u00e9tat \u00e9motionnel. Uffizio met tout en \u0153uvre pour cr\u00e9er un environnement de travail agr\u00e9able et faire en sorte que chacun se sente comme un membre de la famille, et non comme un simple employ\u00e9.                    <\/p>\n                \n            <\/div>\n\n        <\/div>\n        \t\t\t\t<\/div>\n\t\t\t\t<\/div>\n\t\t\t\t\t<\/div>\n\t\t\t\t<\/div>\n\t\t<div class=\"elementor-element elementor-element-1ae2c8d e-flex e-con-boxed e-con e-parent\" data-id=\"1ae2c8d\" data-element_type=\"container\" data-e-type=\"container\">\n\t\t\t\t\t<div class=\"e-con-inner\">\n\t\t\t\t\t\t\t<h2 \n\t\tdata-interaction-id=\"552bee3\" \n\t\tclass=\"e-552bee3-7715623 e-heading-base\" \n\t\t \n\t\t\n\t>\n\t\n\t\t\tOffres d'emploi actuelles\n\t\t<\/h2>\n\t\t\t\t<div class=\"elementor-element elementor-element-3a5baee elementor-widget elementor-widget-html\" data-id=\"3a5baee\" data-element_type=\"widget\" data-e-type=\"widget\" data-widget_type=\"html.default\">\n\t\t\t\t\t<iframe src=\"https:\/\/uffizio.keka.com\/careers\/api\/embedjobs\/cb8c3c6b-bbc5-4b13-9818-a18f6f8cd523\" frameborder=\"0\" height=\"600\" width=\"100%\" scrolling=\"\"><\/iframe>\t\t\t\t<\/div>\n\t\t\t\t\t<\/div>\n\t\t\t\t<\/div>\n\t\t\t\t<\/div>","protected":false},"excerpt":{"rendered":"<p>career Uffizio provides uncountable opportunities and scope for the individuals to share their ideas, perspectives, opinions, methods on its ground to grow as a great employee. A happy employee is your best representative. Making employees happy is equally important as making an employee more productive because employees productivity is interrelated with their emotional state. Uffizio [&hellip;]<\/p>\n","protected":false},"author":1,"featured_media":0,"parent":0,"menu_order":0,"comment_status":"closed","ping_status":"closed","template":"","meta":{"_acf_changed":false,"footnotes":""},"class_list":["post-301","page","type-page","status-publish","hentry"],"acf":[],"yoast_head":"<!-- This site is optimized with the Yoast SEO Premium plugin v27.6 (Yoast SEO v27.6) - https:\/\/yoast.com\/product\/yoast-seo-premium-wordpress\/ -->\n<title>Career - Uffizio<\/title>\n<meta name=\"robots\" content=\"index, follow, max-snippet:-1, max-image-preview:large, max-video-preview:-1\" \/>\n<link rel=\"canonical\" href=\"https:\/\/uffizio.com\/fr\/career\/\" \/>\n<meta property=\"og:locale\" content=\"fr_FR\" \/>\n<meta property=\"og:type\" content=\"article\" \/>\n<meta property=\"og:title\" content=\"Career\" \/>\n<meta property=\"og:description\" content=\"career Uffizio provides uncountable opportunities and scope for the individuals to share their ideas, perspectives, opinions, methods on its ground to grow as a great employee. A happy employee is your best representative. Making employees happy is equally important as making an employee more productive because employees productivity is interrelated with their emotional state. Uffizio [&hellip;]\" \/>\n<meta property=\"og:url\" content=\"https:\/\/uffizio.com\/fr\/career\/\" \/>\n<meta property=\"og:site_name\" content=\"Uffizio\" \/>\n<meta property=\"article:modified_time\" content=\"2026-05-13T09:56:34+00:00\" \/>\n<meta name=\"twitter:card\" content=\"summary_large_image\" \/>\n<meta name=\"twitter:label1\" content=\"Dur\u00e9e de lecture estim\u00e9e\" \/>\n\t<meta name=\"twitter:data1\" content=\"1 minute\" \/>\n<script type=\"application\/ld+json\" class=\"yoast-schema-graph\">{\"@context\":\"https:\\\/\\\/schema.org\",\"@graph\":[{\"@type\":\"WebPage\",\"@id\":\"https:\\\/\\\/uffizio.com\\\/career\\\/\",\"url\":\"https:\\\/\\\/uffizio.com\\\/career\\\/\",\"name\":\"Career - Uffizio\",\"isPartOf\":{\"@id\":\"https:\\\/\\\/uffizio.com\\\/#website\"},\"datePublished\":\"2025-10-13T05:06:27+00:00\",\"dateModified\":\"2026-05-13T09:56:34+00:00\",\"breadcrumb\":{\"@id\":\"https:\\\/\\\/uffizio.com\\\/career\\\/#breadcrumb\"},\"inLanguage\":\"fr-FR\",\"potentialAction\":[{\"@type\":\"ReadAction\",\"target\":[\"https:\\\/\\\/uffizio.com\\\/career\\\/\"]}]},{\"@type\":\"BreadcrumbList\",\"@id\":\"https:\\\/\\\/uffizio.com\\\/career\\\/#breadcrumb\",\"itemListElement\":[{\"@type\":\"ListItem\",\"position\":1,\"name\":\"Home\",\"item\":\"https:\\\/\\\/uffizio.com\\\/\"},{\"@type\":\"ListItem\",\"position\":2,\"name\":\"Career\"}]},{\"@type\":\"WebSite\",\"@id\":\"https:\\\/\\\/uffizio.com\\\/#website\",\"url\":\"https:\\\/\\\/uffizio.com\\\/\",\"name\":\"Uffizio\",\"description\":\"\",\"publisher\":{\"@id\":\"https:\\\/\\\/uffizio.com\\\/#organization\"},\"potentialAction\":[{\"@type\":\"SearchAction\",\"target\":{\"@type\":\"EntryPoint\",\"urlTemplate\":\"https:\\\/\\\/uffizio.com\\\/?s={search_term_string}\"},\"query-input\":{\"@type\":\"PropertyValueSpecification\",\"valueRequired\":true,\"valueName\":\"search_term_string\"}}],\"inLanguage\":\"fr-FR\"},{\"@type\":\"Organization\",\"@id\":\"https:\\\/\\\/uffizio.com\\\/#organization\",\"name\":\"Uffizio\",\"url\":\"https:\\\/\\\/uffizio.com\\\/\",\"logo\":{\"@type\":\"ImageObject\",\"inLanguage\":\"fr-FR\",\"@id\":\"https:\\\/\\\/uffizio.com\\\/#\\\/schema\\\/logo\\\/image\\\/\",\"url\":\"https:\\\/\\\/uffizio.com\\\/wp-content\\\/uploads\\\/2025\\\/10\\\/Uffizio-logo.svg\",\"contentUrl\":\"https:\\\/\\\/uffizio.com\\\/wp-content\\\/uploads\\\/2025\\\/10\\\/Uffizio-logo.svg\",\"width\":237,\"height\":35,\"caption\":\"Uffizio\"},\"image\":{\"@id\":\"https:\\\/\\\/uffizio.com\\\/#\\\/schema\\\/logo\\\/image\\\/\"}}]}<\/script>\n<!-- \/ Yoast SEO Premium plugin. -->","yoast_head_json":{"title":"Career - Uffizio","robots":{"index":"index","follow":"follow","max-snippet":"max-snippet:-1","max-image-preview":"max-image-preview:large","max-video-preview":"max-video-preview:-1"},"canonical":"https:\/\/uffizio.com\/fr\/career\/","og_locale":"fr_FR","og_type":"article","og_title":"Career","og_description":"career Uffizio provides uncountable opportunities and scope for the individuals to share their ideas, perspectives, opinions, methods on its ground to grow as a great employee. A happy employee is your best representative. Making employees happy is equally important as making an employee more productive because employees productivity is interrelated with their emotional state. Uffizio [&hellip;]","og_url":"https:\/\/uffizio.com\/fr\/career\/","og_site_name":"Uffizio","article_modified_time":"2026-05-13T09:56:34+00:00","twitter_card":"summary_large_image","twitter_misc":{"Dur\u00e9e de lecture estim\u00e9e":"1 minute"},"schema":{"@context":"https:\/\/schema.org","@graph":[{"@type":"WebPage","@id":"https:\/\/uffizio.com\/career\/","url":"https:\/\/uffizio.com\/career\/","name":"Career - Uffizio","isPartOf":{"@id":"https:\/\/uffizio.com\/#website"},"datePublished":"2025-10-13T05:06:27+00:00","dateModified":"2026-05-13T09:56:34+00:00","breadcrumb":{"@id":"https:\/\/uffizio.com\/career\/#breadcrumb"},"inLanguage":"fr-FR","potentialAction":[{"@type":"ReadAction","target":["https:\/\/uffizio.com\/career\/"]}]},{"@type":"BreadcrumbList","@id":"https:\/\/uffizio.com\/career\/#breadcrumb","itemListElement":[{"@type":"ListItem","position":1,"name":"Home","item":"https:\/\/uffizio.com\/"},{"@type":"ListItem","position":2,"name":"Career"}]},{"@type":"WebSite","@id":"https:\/\/uffizio.com\/#website","url":"https:\/\/uffizio.com\/","name":"Bureau","description":"","publisher":{"@id":"https:\/\/uffizio.com\/#organization"},"potentialAction":[{"@type":"SearchAction","target":{"@type":"EntryPoint","urlTemplate":"https:\/\/uffizio.com\/?s={search_term_string}"},"query-input":{"@type":"PropertyValueSpecification","valueRequired":true,"valueName":"search_term_string"}}],"inLanguage":"fr-FR"},{"@type":"Organization","@id":"https:\/\/uffizio.com\/#organization","name":"Bureau","url":"https:\/\/uffizio.com\/","logo":{"@type":"ImageObject","inLanguage":"fr-FR","@id":"https:\/\/uffizio.com\/#\/schema\/logo\/image\/","url":"https:\/\/uffizio.com\/wp-content\/uploads\/2025\/10\/Uffizio-logo.svg","contentUrl":"https:\/\/uffizio.com\/wp-content\/uploads\/2025\/10\/Uffizio-logo.svg","width":237,"height":35,"caption":"Uffizio"},"image":{"@id":"https:\/\/uffizio.com\/#\/schema\/logo\/image\/"}}]}},"_links":{"self":[{"href":"https:\/\/uffizio.com\/fr\/wp-json\/wp\/v2\/pages\/301","targetHints":{"allow":["GET"]}}],"collection":[{"href":"https:\/\/uffizio.com\/fr\/wp-json\/wp\/v2\/pages"}],"about":[{"href":"https:\/\/uffizio.com\/fr\/wp-json\/wp\/v2\/types\/page"}],"author":[{"embeddable":true,"href":"https:\/\/uffizio.com\/fr\/wp-json\/wp\/v2\/users\/1"}],"replies":[{"embeddable":true,"href":"https:\/\/uffizio.com\/fr\/wp-json\/wp\/v2\/comments?post=301"}],"version-history":[{"count":1,"href":"https:\/\/uffizio.com\/fr\/wp-json\/wp\/v2\/pages\/301\/revisions"}],"predecessor-version":[{"id":64331,"href":"https:\/\/uffizio.com\/fr\/wp-json\/wp\/v2\/pages\/301\/revisions\/64331"}],"wp:attachment":[{"href":"https:\/\/uffizio.com\/fr\/wp-json\/wp\/v2\/media?parent=301"}],"curies":[{"name":"wp","href":"https:\/\/api.w.org\/{rel}","templated":true}]}}