{"id":301,"date":"2025-10-13T05:06:27","date_gmt":"2025-10-13T05:06:27","guid":{"rendered":"https:\/\/uffizio.com\/?page_id=301"},"modified":"2026-05-13T09:56:34","modified_gmt":"2026-05-13T09:56:34","slug":"career","status":"publish","type":"page","link":"https:\/\/uffizio.com\/es\/career\/","title":{"rendered":"Carrera"},"content":{"rendered":"<div data-elementor-type=\"wp-page\" data-elementor-id=\"301\" class=\"elementor elementor-301\">\n\t\t\t\t<div class=\"elementor-element elementor-element-1d482679 ucp-header uffizio-gradient-pattern-three e-flex e-con-boxed e-con e-parent\" data-id=\"1d482679\" data-element_type=\"container\" data-e-type=\"container\">\n\t\t\t\t\t<div class=\"e-con-inner\">\n\t\t\t\t<div class=\"elementor-element elementor-element-2ce00a23 elementor-widget elementor-widget-uffizio_title\" data-id=\"2ce00a23\" data-element_type=\"widget\" data-e-type=\"widget\" data-widget_type=\"uffizio_title.default\">\n\t\t\t\t<div class=\"elementor-widget-container\">\n\t\t\t\t\t\n        <div class=\"uffizio-title-widget default\">\n            \n            <div class=\"uffizio-title-content\">\n                   \n                                \n                \n                    <h2 class=\"uffizio-title\">\n                        carrera                    <\/h2>\n                    \n                \n                                    <p class=\"uffizio-subtitle\">\n                        Uffizio ofrece innumerables oportunidades para que las personas compartan sus ideas, perspectivas, opiniones y m\u00e9todos, y as\u00ed crezcan como excelentes empleados. Un empleado feliz es su mejor representante. Lograr la felicidad de los empleados es tan importante como aumentar su productividad, ya que esta \u00faltima est\u00e1 estrechamente relacionada con su estado emocional. Uffizio se esfuerza al m\u00e1ximo para crear un ambiente de trabajo agradable y que cada persona se sienta parte de la familia, no solo un empleado m\u00e1s.                    <\/p>\n                \n            <\/div>\n\n        <\/div>\n        \t\t\t\t<\/div>\n\t\t\t\t<\/div>\n\t\t\t\t\t<\/div>\n\t\t\t\t<\/div>\n\t\t<div class=\"elementor-element elementor-element-1ae2c8d e-flex e-con-boxed e-con e-parent\" data-id=\"1ae2c8d\" data-element_type=\"container\" data-e-type=\"container\">\n\t\t\t\t\t<div class=\"e-con-inner\">\n\t\t\t\t\t\t\t<h2 \n\t\tdata-interaction-id=\"552bee3\" \n\t\tclass=\"e-552bee3-7715623 e-heading-base\" \n\t\t \n\t\t\n\t>\n\t\n\t\t\tVacantes actuales\n\t\t<\/h2>\n\t\t\t\t<div class=\"elementor-element elementor-element-3a5baee elementor-widget elementor-widget-html\" data-id=\"3a5baee\" data-element_type=\"widget\" data-e-type=\"widget\" data-widget_type=\"html.default\">\n\t\t\t\t\t<iframe src=\"https:\/\/uffizio.keka.com\/careers\/api\/embedjobs\/cb8c3c6b-bbc5-4b13-9818-a18f6f8cd523\" frameborder=\"0\" height=\"600\" width=\"100%\" scrolling=\"\"><\/iframe>\t\t\t\t<\/div>\n\t\t\t\t\t<\/div>\n\t\t\t\t<\/div>\n\t\t\t\t<\/div>","protected":false},"excerpt":{"rendered":"<p>career Uffizio provides uncountable opportunities and scope for the individuals to share their ideas, perspectives, opinions, methods on its ground to grow as a great employee. A happy employee is your best representative. Making employees happy is equally important as making an employee more productive because employees productivity is interrelated with their emotional state. Uffizio [&hellip;]<\/p>\n","protected":false},"author":1,"featured_media":0,"parent":0,"menu_order":0,"comment_status":"closed","ping_status":"closed","template":"","meta":{"_acf_changed":false,"footnotes":""},"class_list":["post-301","page","type-page","status-publish","hentry"],"acf":[],"yoast_head":"<!-- This site is optimized with the Yoast SEO Premium plugin v27.6 (Yoast SEO v27.6) - https:\/\/yoast.com\/product\/yoast-seo-premium-wordpress\/ -->\n<title>Career - Uffizio<\/title>\n<meta name=\"robots\" content=\"index, follow, max-snippet:-1, max-image-preview:large, max-video-preview:-1\" \/>\n<link rel=\"canonical\" href=\"https:\/\/uffizio.com\/es\/career\/\" \/>\n<meta property=\"og:locale\" content=\"es_MX\" \/>\n<meta property=\"og:type\" content=\"article\" \/>\n<meta property=\"og:title\" content=\"Career\" \/>\n<meta property=\"og:description\" content=\"career Uffizio provides uncountable opportunities and scope for the individuals to share their ideas, perspectives, opinions, methods on its ground to grow as a great employee. A happy employee is your best representative. Making employees happy is equally important as making an employee more productive because employees productivity is interrelated with their emotional state. Uffizio [&hellip;]\" \/>\n<meta property=\"og:url\" content=\"https:\/\/uffizio.com\/es\/career\/\" \/>\n<meta property=\"og:site_name\" content=\"Uffizio\" \/>\n<meta property=\"article:modified_time\" content=\"2026-05-13T09:56:34+00:00\" \/>\n<meta name=\"twitter:card\" content=\"summary_large_image\" \/>\n<meta name=\"twitter:label1\" content=\"Tiempo de lectura\" \/>\n\t<meta name=\"twitter:data1\" content=\"1 minuto\" \/>\n<script type=\"application\/ld+json\" class=\"yoast-schema-graph\">{\"@context\":\"https:\\\/\\\/schema.org\",\"@graph\":[{\"@type\":\"WebPage\",\"@id\":\"https:\\\/\\\/uffizio.com\\\/career\\\/\",\"url\":\"https:\\\/\\\/uffizio.com\\\/career\\\/\",\"name\":\"Career - Uffizio\",\"isPartOf\":{\"@id\":\"https:\\\/\\\/uffizio.com\\\/#website\"},\"datePublished\":\"2025-10-13T05:06:27+00:00\",\"dateModified\":\"2026-05-13T09:56:34+00:00\",\"breadcrumb\":{\"@id\":\"https:\\\/\\\/uffizio.com\\\/career\\\/#breadcrumb\"},\"inLanguage\":\"es\",\"potentialAction\":[{\"@type\":\"ReadAction\",\"target\":[\"https:\\\/\\\/uffizio.com\\\/career\\\/\"]}]},{\"@type\":\"BreadcrumbList\",\"@id\":\"https:\\\/\\\/uffizio.com\\\/career\\\/#breadcrumb\",\"itemListElement\":[{\"@type\":\"ListItem\",\"position\":1,\"name\":\"Home\",\"item\":\"https:\\\/\\\/uffizio.com\\\/\"},{\"@type\":\"ListItem\",\"position\":2,\"name\":\"Career\"}]},{\"@type\":\"WebSite\",\"@id\":\"https:\\\/\\\/uffizio.com\\\/#website\",\"url\":\"https:\\\/\\\/uffizio.com\\\/\",\"name\":\"Uffizio\",\"description\":\"\",\"publisher\":{\"@id\":\"https:\\\/\\\/uffizio.com\\\/#organization\"},\"potentialAction\":[{\"@type\":\"SearchAction\",\"target\":{\"@type\":\"EntryPoint\",\"urlTemplate\":\"https:\\\/\\\/uffizio.com\\\/?s={search_term_string}\"},\"query-input\":{\"@type\":\"PropertyValueSpecification\",\"valueRequired\":true,\"valueName\":\"search_term_string\"}}],\"inLanguage\":\"es\"},{\"@type\":\"Organization\",\"@id\":\"https:\\\/\\\/uffizio.com\\\/#organization\",\"name\":\"Uffizio\",\"url\":\"https:\\\/\\\/uffizio.com\\\/\",\"logo\":{\"@type\":\"ImageObject\",\"inLanguage\":\"es\",\"@id\":\"https:\\\/\\\/uffizio.com\\\/#\\\/schema\\\/logo\\\/image\\\/\",\"url\":\"https:\\\/\\\/uffizio.com\\\/wp-content\\\/uploads\\\/2025\\\/10\\\/Uffizio-logo.svg\",\"contentUrl\":\"https:\\\/\\\/uffizio.com\\\/wp-content\\\/uploads\\\/2025\\\/10\\\/Uffizio-logo.svg\",\"width\":237,\"height\":35,\"caption\":\"Uffizio\"},\"image\":{\"@id\":\"https:\\\/\\\/uffizio.com\\\/#\\\/schema\\\/logo\\\/image\\\/\"}}]}<\/script>\n<!-- \/ Yoast SEO Premium plugin. -->","yoast_head_json":{"title":"Career - Uffizio","robots":{"index":"index","follow":"follow","max-snippet":"max-snippet:-1","max-image-preview":"max-image-preview:large","max-video-preview":"max-video-preview:-1"},"canonical":"https:\/\/uffizio.com\/es\/career\/","og_locale":"es_MX","og_type":"article","og_title":"Career","og_description":"career Uffizio provides uncountable opportunities and scope for the individuals to share their ideas, perspectives, opinions, methods on its ground to grow as a great employee. A happy employee is your best representative. Making employees happy is equally important as making an employee more productive because employees productivity is interrelated with their emotional state. Uffizio [&hellip;]","og_url":"https:\/\/uffizio.com\/es\/career\/","og_site_name":"Uffizio","article_modified_time":"2026-05-13T09:56:34+00:00","twitter_card":"summary_large_image","twitter_misc":{"Tiempo de lectura":"1 minuto"},"schema":{"@context":"https:\/\/schema.org","@graph":[{"@type":"WebPage","@id":"https:\/\/uffizio.com\/career\/","url":"https:\/\/uffizio.com\/career\/","name":"Career - Uffizio","isPartOf":{"@id":"https:\/\/uffizio.com\/#website"},"datePublished":"2025-10-13T05:06:27+00:00","dateModified":"2026-05-13T09:56:34+00:00","breadcrumb":{"@id":"https:\/\/uffizio.com\/career\/#breadcrumb"},"inLanguage":"es","potentialAction":[{"@type":"ReadAction","target":["https:\/\/uffizio.com\/career\/"]}]},{"@type":"BreadcrumbList","@id":"https:\/\/uffizio.com\/career\/#breadcrumb","itemListElement":[{"@type":"ListItem","position":1,"name":"Home","item":"https:\/\/uffizio.com\/"},{"@type":"ListItem","position":2,"name":"Career"}]},{"@type":"WebSite","@id":"https:\/\/uffizio.com\/#website","url":"https:\/\/uffizio.com\/","name":"Oficina","description":"","publisher":{"@id":"https:\/\/uffizio.com\/#organization"},"potentialAction":[{"@type":"SearchAction","target":{"@type":"EntryPoint","urlTemplate":"https:\/\/uffizio.com\/?s={search_term_string}"},"query-input":{"@type":"PropertyValueSpecification","valueRequired":true,"valueName":"search_term_string"}}],"inLanguage":"es"},{"@type":"Organization","@id":"https:\/\/uffizio.com\/#organization","name":"Oficina","url":"https:\/\/uffizio.com\/","logo":{"@type":"ImageObject","inLanguage":"es","@id":"https:\/\/uffizio.com\/#\/schema\/logo\/image\/","url":"https:\/\/uffizio.com\/wp-content\/uploads\/2025\/10\/Uffizio-logo.svg","contentUrl":"https:\/\/uffizio.com\/wp-content\/uploads\/2025\/10\/Uffizio-logo.svg","width":237,"height":35,"caption":"Uffizio"},"image":{"@id":"https:\/\/uffizio.com\/#\/schema\/logo\/image\/"}}]}},"_links":{"self":[{"href":"https:\/\/uffizio.com\/es\/wp-json\/wp\/v2\/pages\/301","targetHints":{"allow":["GET"]}}],"collection":[{"href":"https:\/\/uffizio.com\/es\/wp-json\/wp\/v2\/pages"}],"about":[{"href":"https:\/\/uffizio.com\/es\/wp-json\/wp\/v2\/types\/page"}],"author":[{"embeddable":true,"href":"https:\/\/uffizio.com\/es\/wp-json\/wp\/v2\/users\/1"}],"replies":[{"embeddable":true,"href":"https:\/\/uffizio.com\/es\/wp-json\/wp\/v2\/comments?post=301"}],"version-history":[{"count":1,"href":"https:\/\/uffizio.com\/es\/wp-json\/wp\/v2\/pages\/301\/revisions"}],"predecessor-version":[{"id":64331,"href":"https:\/\/uffizio.com\/es\/wp-json\/wp\/v2\/pages\/301\/revisions\/64331"}],"wp:attachment":[{"href":"https:\/\/uffizio.com\/es\/wp-json\/wp\/v2\/media?parent=301"}],"curies":[{"name":"wp","href":"https:\/\/api.w.org\/{rel}","templated":true}]}}