{"id":263,"date":"2025-10-08T12:08:50","date_gmt":"2025-10-08T12:08:50","guid":{"rendered":"https:\/\/uffizio.com\/?page_id=263"},"modified":"2026-05-13T11:49:40","modified_gmt":"2026-05-13T11:49:40","slug":"terms-conditions","status":"publish","type":"page","link":"https:\/\/uffizio.com\/es\/terms-conditions\/","title":{"rendered":"T\u00e9rminos y condiciones"},"content":{"rendered":"<div data-elementor-type=\"wp-page\" data-elementor-id=\"263\" class=\"elementor elementor-263\">\n\t\t\t\t<div class=\"elementor-element elementor-element-6320477 ucp-header uffizio-gradient-pattern-three e-flex e-con-boxed e-con e-parent\" data-id=\"6320477\" data-element_type=\"container\" data-e-type=\"container\">\n\t\t\t\t\t<div class=\"e-con-inner\">\n\t\t\t\t<div class=\"elementor-element elementor-element-3ca78c4 elementor-widget elementor-widget-uffizio_title\" data-id=\"3ca78c4\" data-element_type=\"widget\" data-e-type=\"widget\" data-widget_type=\"uffizio_title.default\">\n\t\t\t\t<div class=\"elementor-widget-container\">\n\t\t\t\t\t\n        <div class=\"uffizio-title-widget default\">\n            \n            <div class=\"uffizio-title-content\">\n                   \n                                \n                \n                    <h2 class=\"uffizio-title\">\n                        T\u00e9rminos y condiciones                    <\/h2>\n                    \n                \n                \n            <\/div>\n\n        <\/div>\n        \t\t\t\t<\/div>\n\t\t\t\t<\/div>\n\t\t\t\t\t<\/div>\n\t\t\t\t<\/div>\n\t\t<div class=\"elementor-element elementor-element-56a63fb e-flex e-con-boxed e-con e-parent\" data-id=\"56a63fb\" data-element_type=\"container\" data-e-type=\"container\">\n\t\t\t\t\t<div class=\"e-con-inner\">\n\t\t\t\t<div class=\"elementor-element elementor-element-3dcb210 elementor-widget elementor-widget-text-editor\" data-id=\"3dcb210\" data-element_type=\"widget\" data-e-type=\"widget\" data-widget_type=\"text-editor.default\">\n\t\t\t\t\t\t\t\t\t<p>Este es un acuerdo legal entre el Cliente y Uffizio India Software Consultants Pvt. Ltd. para el uso del Software Alojado. Al utilizar cualquier versi\u00f3n del Software Alojado, usted acepta regirse por los t\u00e9rminos y condiciones de este acuerdo.<\/p><p>Si el Cliente no acepta este acuerdo, no podr\u00e1 utilizar el Software alojado.<\/p><h4>Definiciones<\/h4><p>Software alojado: se refiere al software espec\u00edfico ubicado en el centro de datos de Uffizio.<\/p><p>Actualizaci\u00f3n: se refiere a una revisi\u00f3n o parche que mejora la funcionalidad del software alojado y que puede contener nuevas caracter\u00edsticas o mejoras.<\/p><h4>Licencia de software alojado<\/h4><p>Uffizio otorga al Cliente acceso por tiempo limitado al Software Alojado. El acceso es intransferible e inalienable, sin derecho a sublicenciar.<\/p><h4>Licencia de documentaci\u00f3n<\/h4><p>Conforme a los t\u00e9rminos y condiciones de este acuerdo, Uffizio otorga al Cliente una licencia intransferible, sin derecho a sublicenciar, para utilizar la Documentaci\u00f3n en relaci\u00f3n con el uso autorizado del Software Alojado por parte del Cliente. El Cliente no podr\u00e1 reproducir ni distribuir la Documentaci\u00f3n de ninguna manera, ya sea f\u00edsica o electr\u00f3nicamente, sin la autorizaci\u00f3n expresa y por escrito de Uffizio.<\/p><h4>Licencia de archivo de idioma<\/h4><p>El software alojado se proporciona con todos los archivos de idioma disponibles.<\/p><h4>Propiedad<\/h4><p>El software alojado y los c\u00f3digos fuente pertenecen a Uffizio. Los archivos de c\u00f3digo fuente no se proporcionan.<\/p><h4>Tiempo de actividad<\/h4><p>Uffizio garantiza un tiempo de actividad del servidor del 99,99 %. Esto excluye el mantenimiento programado, el mantenimiento de emergencia, los ataques DDoS, la fuerza mayor y los fallos de hardware del servidor.<\/p><h4>Apoyo t\u00e9cnico<\/h4><p>Uffizio se compromete a brindar al Cliente servicios de soporte t\u00e9cnico, que incluyen la distribuci\u00f3n peri\u00f3dica de correcciones de errores y mejoras menores en forma de actualizaciones. Se aceptan consultas de soporte t\u00e9cnico por correo electr\u00f3nico en cualquier momento y se responder\u00e1n durante el horario laboral habitual de Uffizio. Uffizio intentar\u00e1 responder a las consultas en un plazo de 12 horas para las solicitudes recibidas de lunes a viernes y en un plazo de 24 horas o el lunes siguiente para las recibidas durante el fin de semana.<\/p><h4>Actualizaciones<\/h4><p>Todas las actualizaciones del software alojado se instalar\u00e1n autom\u00e1ticamente despu\u00e9s de su lanzamiento sin ning\u00fan coste adicional.<\/p><h4>Pago y entrega<\/h4><p>El software alojado se preparar\u00e1 y activar\u00e1 en un plazo de 24 horas si el pago se recibe de lunes a viernes. Si el pago se recibe durante el fin de semana, se preparar\u00e1 y activar\u00e1 el lunes siguiente. Todos los detalles de acceso se enviar\u00e1n por correo electr\u00f3nico. No se admiten reembolsos.<\/p><h4>Cambios<\/h4><p>Uffizio podr\u00e1 modificar este acuerdo en cualquier momento y por cualquier motivo publicando el acuerdo modificado en el sitio web.<\/p>\t\t\t\t\t\t\t\t<\/div>\n\t\t\t\t\t<\/div>\n\t\t\t\t<\/div>\n\t\t\t\t<\/div>","protected":false},"excerpt":{"rendered":"<p>Terms and conditions This is a legal agreement between Customer and Uffizio India Software Consultants Pvt. Ltd. for the use of Hosted Software. By using any version of Hosted Software you agree to be bound by the terms and conditions of this agreement. If Customer does not agree to this agreement, Customer may not use [&hellip;]<\/p>\n","protected":false},"author":1,"featured_media":0,"parent":0,"menu_order":0,"comment_status":"closed","ping_status":"closed","template":"","meta":{"_acf_changed":false,"footnotes":""},"class_list":["post-263","page","type-page","status-publish","hentry"],"acf":[],"yoast_head":"<!-- This site is optimized with the Yoast SEO Premium plugin v27.6 (Yoast SEO v27.6) - https:\/\/yoast.com\/product\/yoast-seo-premium-wordpress\/ -->\n<title>Terms &amp; Conditions - Uffizio<\/title>\n<meta name=\"robots\" content=\"index, follow, max-snippet:-1, max-image-preview:large, max-video-preview:-1\" \/>\n<link rel=\"canonical\" href=\"https:\/\/uffizio.com\/es\/terms-conditions\/\" \/>\n<meta property=\"og:locale\" content=\"es_MX\" \/>\n<meta property=\"og:type\" content=\"article\" \/>\n<meta property=\"og:title\" content=\"Terms &amp; Conditions\" \/>\n<meta property=\"og:description\" content=\"Terms and conditions This is a legal agreement between Customer and Uffizio India Software Consultants Pvt. Ltd. for the use of Hosted Software. By using any version of Hosted Software you agree to be bound by the terms and conditions of this agreement. If Customer does not agree to this agreement, Customer may not use [&hellip;]\" \/>\n<meta property=\"og:url\" content=\"https:\/\/uffizio.com\/es\/terms-conditions\/\" \/>\n<meta property=\"og:site_name\" content=\"Uffizio\" \/>\n<meta property=\"article:modified_time\" content=\"2026-05-13T11:49:40+00:00\" \/>\n<meta name=\"twitter:card\" content=\"summary_large_image\" \/>\n<meta name=\"twitter:label1\" content=\"Tiempo de lectura\" \/>\n\t<meta name=\"twitter:data1\" content=\"2 minutos\" \/>\n<script type=\"application\/ld+json\" class=\"yoast-schema-graph\">{\"@context\":\"https:\\\/\\\/schema.org\",\"@graph\":[{\"@type\":\"WebPage\",\"@id\":\"https:\\\/\\\/uffizio.com\\\/terms-conditions\\\/\",\"url\":\"https:\\\/\\\/uffizio.com\\\/terms-conditions\\\/\",\"name\":\"Terms &amp; Conditions - Uffizio\",\"isPartOf\":{\"@id\":\"https:\\\/\\\/uffizio.com\\\/#website\"},\"datePublished\":\"2025-10-08T12:08:50+00:00\",\"dateModified\":\"2026-05-13T11:49:40+00:00\",\"breadcrumb\":{\"@id\":\"https:\\\/\\\/uffizio.com\\\/terms-conditions\\\/#breadcrumb\"},\"inLanguage\":\"es\",\"potentialAction\":[{\"@type\":\"ReadAction\",\"target\":[\"https:\\\/\\\/uffizio.com\\\/terms-conditions\\\/\"]}]},{\"@type\":\"BreadcrumbList\",\"@id\":\"https:\\\/\\\/uffizio.com\\\/terms-conditions\\\/#breadcrumb\",\"itemListElement\":[{\"@type\":\"ListItem\",\"position\":1,\"name\":\"Home\",\"item\":\"https:\\\/\\\/uffizio.com\\\/\"},{\"@type\":\"ListItem\",\"position\":2,\"name\":\"Terms &amp; Conditions\"}]},{\"@type\":\"WebSite\",\"@id\":\"https:\\\/\\\/uffizio.com\\\/#website\",\"url\":\"https:\\\/\\\/uffizio.com\\\/\",\"name\":\"Uffizio\",\"description\":\"\",\"publisher\":{\"@id\":\"https:\\\/\\\/uffizio.com\\\/#organization\"},\"potentialAction\":[{\"@type\":\"SearchAction\",\"target\":{\"@type\":\"EntryPoint\",\"urlTemplate\":\"https:\\\/\\\/uffizio.com\\\/?s={search_term_string}\"},\"query-input\":{\"@type\":\"PropertyValueSpecification\",\"valueRequired\":true,\"valueName\":\"search_term_string\"}}],\"inLanguage\":\"es\"},{\"@type\":\"Organization\",\"@id\":\"https:\\\/\\\/uffizio.com\\\/#organization\",\"name\":\"Uffizio\",\"url\":\"https:\\\/\\\/uffizio.com\\\/\",\"logo\":{\"@type\":\"ImageObject\",\"inLanguage\":\"es\",\"@id\":\"https:\\\/\\\/uffizio.com\\\/#\\\/schema\\\/logo\\\/image\\\/\",\"url\":\"https:\\\/\\\/uffizio.com\\\/wp-content\\\/uploads\\\/2025\\\/10\\\/Uffizio-logo.svg\",\"contentUrl\":\"https:\\\/\\\/uffizio.com\\\/wp-content\\\/uploads\\\/2025\\\/10\\\/Uffizio-logo.svg\",\"width\":237,\"height\":35,\"caption\":\"Uffizio\"},\"image\":{\"@id\":\"https:\\\/\\\/uffizio.com\\\/#\\\/schema\\\/logo\\\/image\\\/\"}}]}<\/script>\n<!-- \/ Yoast SEO Premium plugin. -->","yoast_head_json":{"title":"Terms &amp; Conditions - Uffizio","robots":{"index":"index","follow":"follow","max-snippet":"max-snippet:-1","max-image-preview":"max-image-preview:large","max-video-preview":"max-video-preview:-1"},"canonical":"https:\/\/uffizio.com\/es\/terms-conditions\/","og_locale":"es_MX","og_type":"article","og_title":"Terms &amp; Conditions","og_description":"Terms and conditions This is a legal agreement between Customer and Uffizio India Software Consultants Pvt. Ltd. for the use of Hosted Software. By using any version of Hosted Software you agree to be bound by the terms and conditions of this agreement. If Customer does not agree to this agreement, Customer may not use [&hellip;]","og_url":"https:\/\/uffizio.com\/es\/terms-conditions\/","og_site_name":"Uffizio","article_modified_time":"2026-05-13T11:49:40+00:00","twitter_card":"summary_large_image","twitter_misc":{"Tiempo de lectura":"2 minutos"},"schema":{"@context":"https:\/\/schema.org","@graph":[{"@type":"WebPage","@id":"https:\/\/uffizio.com\/terms-conditions\/","url":"https:\/\/uffizio.com\/terms-conditions\/","name":"Terms &amp; Conditions - Uffizio","isPartOf":{"@id":"https:\/\/uffizio.com\/#website"},"datePublished":"2025-10-08T12:08:50+00:00","dateModified":"2026-05-13T11:49:40+00:00","breadcrumb":{"@id":"https:\/\/uffizio.com\/terms-conditions\/#breadcrumb"},"inLanguage":"es","potentialAction":[{"@type":"ReadAction","target":["https:\/\/uffizio.com\/terms-conditions\/"]}]},{"@type":"BreadcrumbList","@id":"https:\/\/uffizio.com\/terms-conditions\/#breadcrumb","itemListElement":[{"@type":"ListItem","position":1,"name":"Home","item":"https:\/\/uffizio.com\/"},{"@type":"ListItem","position":2,"name":"Terms &amp; Conditions"}]},{"@type":"WebSite","@id":"https:\/\/uffizio.com\/#website","url":"https:\/\/uffizio.com\/","name":"Oficina","description":"","publisher":{"@id":"https:\/\/uffizio.com\/#organization"},"potentialAction":[{"@type":"SearchAction","target":{"@type":"EntryPoint","urlTemplate":"https:\/\/uffizio.com\/?s={search_term_string}"},"query-input":{"@type":"PropertyValueSpecification","valueRequired":true,"valueName":"search_term_string"}}],"inLanguage":"es"},{"@type":"Organization","@id":"https:\/\/uffizio.com\/#organization","name":"Oficina","url":"https:\/\/uffizio.com\/","logo":{"@type":"ImageObject","inLanguage":"es","@id":"https:\/\/uffizio.com\/#\/schema\/logo\/image\/","url":"https:\/\/uffizio.com\/wp-content\/uploads\/2025\/10\/Uffizio-logo.svg","contentUrl":"https:\/\/uffizio.com\/wp-content\/uploads\/2025\/10\/Uffizio-logo.svg","width":237,"height":35,"caption":"Uffizio"},"image":{"@id":"https:\/\/uffizio.com\/#\/schema\/logo\/image\/"}}]}},"_links":{"self":[{"href":"https:\/\/uffizio.com\/es\/wp-json\/wp\/v2\/pages\/263","targetHints":{"allow":["GET"]}}],"collection":[{"href":"https:\/\/uffizio.com\/es\/wp-json\/wp\/v2\/pages"}],"about":[{"href":"https:\/\/uffizio.com\/es\/wp-json\/wp\/v2\/types\/page"}],"author":[{"embeddable":true,"href":"https:\/\/uffizio.com\/es\/wp-json\/wp\/v2\/users\/1"}],"replies":[{"embeddable":true,"href":"https:\/\/uffizio.com\/es\/wp-json\/wp\/v2\/comments?post=263"}],"version-history":[{"count":1,"href":"https:\/\/uffizio.com\/es\/wp-json\/wp\/v2\/pages\/263\/revisions"}],"predecessor-version":[{"id":64337,"href":"https:\/\/uffizio.com\/es\/wp-json\/wp\/v2\/pages\/263\/revisions\/64337"}],"wp:attachment":[{"href":"https:\/\/uffizio.com\/es\/wp-json\/wp\/v2\/media?parent=263"}],"curies":[{"name":"wp","href":"https:\/\/api.w.org\/{rel}","templated":true}]}}